{"id":1351,"date":"2022-02-25T09:10:40","date_gmt":"2022-02-25T09:10:40","guid":{"rendered":"https:\/\/cpkesseleik.nl\/?page_id=1351"},"modified":"2022-06-01T13:24:22","modified_gmt":"2022-06-01T13:24:22","slug":"pinksteren-2022","status":"publish","type":"page","link":"https:\/\/cpkesseleik.nl\/de\/pinksteren-2022\/","title":{"rendered":"Pinksteren 2022 (aanmelden gesloten)"},"content":{"rendered":"<div data-elementor-type=\"wp-page\" data-elementor-id=\"1351\" class=\"elementor elementor-1351\" data-elementor-settings=\"[]\">\n\t\t\t\t\t\t<div class=\"elementor-inner\">\n\t\t\t\t\t\t\t<div class=\"elementor-section-wrap\">\n\t\t\t\t\t\t\t<section class=\"elementor-section elementor-top-section elementor-element elementor-element-d320264 elementor-section-boxed elementor-section-height-default elementor-section-height-default\" data-id=\"d320264\" data-element_type=\"section\">\n\t\t\t\t\t\t<div class=\"elementor-container elementor-column-gap-default\">\n\t\t\t\t\t\t\t<div class=\"elementor-row\">\n\t\t\t\t\t<div class=\"elementor-column elementor-col-100 elementor-top-column elementor-element elementor-element-1d88961\" data-id=\"1d88961\" data-element_type=\"column\">\n\t\t\t<div class=\"elementor-column-wrap elementor-element-populated\">\n\t\t\t\t\t\t\t<div class=\"elementor-widget-wrap\">\n\t\t\t\t\t\t<div class=\"elementor-element elementor-element-99c59ea elementor-widget elementor-widget-text-editor\" data-id=\"99c59ea\" data-element_type=\"widget\" data-widget_type=\"text-editor.default\">\n\t\t\t\t<div class=\"elementor-widget-container\">\n\t\t\t\t\t<div class=\"elementor-text-editor elementor-clearfix\"><\/div>\n\t\t\t\t<\/div>\n\t\t\t\t<\/div>\n\t\t\t\t\t\t<\/div>\n\t\t\t\t\t<\/div>\n\t\t<\/div>\n\t\t\t\t\t\t\t\t<\/div>\n\t\t\t\t\t<\/div>\n\t\t<\/section>\n\t\t\t\t<section class=\"elementor-section elementor-top-section elementor-element elementor-element-4a34db6 elementor-section-boxed elementor-section-height-default elementor-section-height-default\" data-id=\"4a34db6\" data-element_type=\"section\">\n\t\t\t\t\t\t<div class=\"elementor-container elementor-column-gap-default\">\n\t\t\t\t\t\t\t<div class=\"elementor-row\">\n\t\t\t\t\t<div class=\"elementor-column elementor-col-100 elementor-top-column elementor-element elementor-element-a871eeb\" data-id=\"a871eeb\" data-element_type=\"column\">\n\t\t\t<div class=\"elementor-column-wrap elementor-element-populated\">\n\t\t\t\t\t\t\t<div class=\"elementor-widget-wrap\">\n\t\t\t\t\t\t<div class=\"elementor-element elementor-element-aa0c669 elementor-widget elementor-widget-text-editor\" data-id=\"aa0c669\" data-element_type=\"widget\" data-widget_type=\"text-editor.default\">\n\t\t\t\t<div class=\"elementor-widget-container\">\n\t\t\t\t\t<div class=\"elementor-text-editor elementor-clearfix\"><p>Hierbij geven wij u graag informatie over ons Pinsterarrangement van 3 t\/m 6 juni 2022.<\/p><p>Naast een verblijf op de camperplaats hebben wij in samenwerking met Cateringbedrijf Smaakvol een heerlijke barbecue samengesteld om samen van te genieten op zondagavond en een ontbijt op maandagochtend.<\/p><p><span style=\"text-decoration: underline;\"><em>Inhalt Arrangement:<\/em><\/span><\/p><ul><li>Verblijf van vrijdag 3 juni t\/m maandag 6 juni, 3 overnachtingen<\/li><li>Luxe barbecue op locatie op zondag 5 juni (de gerechten mag u ophalen bij de foodtruck welke centraal staat opgesteld op de cp)<\/li><li>Ontbijt op maandag 6 juni, geleverd in een box aan de camper<\/li><li>Ein kleines Willkommensgeschenk<p><strong><br \/>Kosten per persoon: \u20ac 78,00<\/strong><\/p><\/li><\/ul><p>Wenn Sie sp\u00e4ter anreisen oder fr\u00fcher abreisen m\u00f6chten, ist dies selbstverst\u00e4ndlich m\u00f6glich. Leider k\u00f6nnen wir Ihnen die Kosten f\u00fcr einen k\u00fcrzeren Aufenthalt nicht in Rechnung stellen, da wir einen Platz f\u00fcr Sie reservieren.<\/p><p><span style=\"text-decoration: underline;\"><em>Optionen um dieses Arrangement zu erweitern:<\/em><\/span><\/p><ul><li>Borrelplateau op zaterdag 4 juni<\/li><li>Verl\u00e4ngerung Ihres Aufenthalts (wenn Sie bereits wissen, dass Sie l\u00e4nger bleiben m\u00f6chten, teilen Sie uns dies bitte \u00fcber das Anmeldeformular mit)<\/li><\/ul><p><span style=\"text-decoration: underline;\"><em><br \/>Bedingungen<\/em><\/span><\/p><ul><li>Inchecken op vrijdag vanaf 14.00 uur, uitchecken op maandag 14.00 uur (verlengen is ook ter plekke mogelijk bij onze incheckzuil)<\/li><li>Aanvang barbecue rond 18.00 uur<\/li><li>Beginn der Lieferung des Fr\u00fchst\u00fccks an den Camper zwischen 10.00 - 10.30 Uhr<\/li><\/ul><p><em><br \/><span style=\"text-decoration: underline;\">Nicht im Paket enthalten:<\/span><\/em><\/p><ul><li>Stromguthaben \u20ac 2,50 pro 5 kWh (zum Verkauf am Check-in-Kiosk mit Ihrem pers\u00f6nlichen Code)<\/li><li>Benutzung der Dusche \u20ac 0,20 pro Minute (zum Verkauf am Check-in-Kiosk)<\/li><li>Wasserzapfstellen \u20ac 1,00 pro 100 Liter (zum Verkauf am Check-in-Kiosk)<\/li><\/ul><p><span style=\"text-decoration: underline;\"><em><br \/>Kostenlose Nutzung von: <\/em><\/span><\/p><ul><li>Super WLAN<\/li><li>Sanit\u00e4ranlagen: Waschbecken, Waschplatz, Toilette<\/li><li>Ablassen von Grauwasser und Entleeren der chemischen Toilette<\/li><li>Haustiere sind kostenlos (an der Leine)<\/li><\/ul><p><u><br \/>Reservierung:<\/u><\/p><ul><li>Anmelden? Senden Sie eine Nachricht an: <a href=\"mailto:info@cpkesseleik.nl\">info@cpkesseleik.nl<\/a> en wij zorgen dat u de informatie plus een aanmeldformulier toegestuurd krijgt via een emailbericht.<\/li><\/ul><p>Wenn Sie Fragen haben, k\u00f6nnen Sie uns unter der angegebenen E-Mail-Adresse oder unter der angegebenen Telefonnummer kontaktieren.<\/p><p>Wij zien u graag in juni op onze camperplaats en gaan ervan uit dat u ongetwijfeld heerlijk zult genieten van onze mooie omgeving en de culinaire verwennerijen!<\/p><p>Daan und Simone<\/p><\/div>\n\t\t\t\t<\/div>\n\t\t\t\t<\/div>\n\t\t\t\t<div class=\"elementor-element elementor-element-602f5c8 elementor-widget elementor-widget-button\" data-id=\"602f5c8\" data-element_type=\"widget\" data-widget_type=\"button.default\">\n\t\t\t\t<div class=\"elementor-widget-container\">\n\t\t\t\t\t<div class=\"elementor-button-wrapper\">\n\t\t\t<a href=\"mailto:info@cpkesseleik.nl\" class=\"elementor-button-link elementor-button elementor-size-sm\" role=\"button\">\n\t\t\t\t\t\t<span class=\"elementor-button-content-wrapper\">\n\t\t\t\t\t\t<span class=\"elementor-button-text\">Reservierung<\/span>\n\t\t<\/span>\n\t\t\t\t\t<\/a>\n\t\t<\/div>\n\t\t\t\t<\/div>\n\t\t\t\t<\/div>\n\t\t\t\t\t\t<\/div>\n\t\t\t\t\t<\/div>\n\t\t<\/div>\n\t\t\t\t\t\t\t\t<\/div>\n\t\t\t\t\t<\/div>\n\t\t<\/section>\n\t\t\t\t<section class=\"elementor-section elementor-top-section elementor-element elementor-element-759da0e elementor-section-boxed elementor-section-height-default elementor-section-height-default\" data-id=\"759da0e\" data-element_type=\"section\">\n\t\t\t\t\t\t<div class=\"elementor-container elementor-column-gap-default\">\n\t\t\t\t\t\t\t<div class=\"elementor-row\">\n\t\t\t\t\t<div class=\"elementor-column elementor-col-100 elementor-top-column elementor-element elementor-element-70c59eb\" data-id=\"70c59eb\" data-element_type=\"column\">\n\t\t\t<div class=\"elementor-column-wrap elementor-element-populated\">\n\t\t\t\t\t\t\t<div class=\"elementor-widget-wrap\">\n\t\t\t\t\t\t<div class=\"elementor-element elementor-element-e958a7d elementor-widget elementor-widget-image\" data-id=\"e958a7d\" data-element_type=\"widget\" data-widget_type=\"image.default\">\n\t\t\t\t<div class=\"elementor-widget-container\">\n\t\t\t\t\t<div class=\"elementor-image\">\n\t\t\t\t\t\t\t\t\t\t<img width=\"800\" height=\"800\" src=\"https:\/\/cpkesseleik.nl\/wp-content\/uploads\/2022\/03\/Camperplaats_Pinkster_post20222.jpg\" class=\"attachment-large size-large\" alt=\"\" loading=\"lazy\" srcset=\"https:\/\/cpkesseleik.nl\/wp-content\/uploads\/2022\/03\/Camperplaats_Pinkster_post20222.jpg 851w, https:\/\/cpkesseleik.nl\/wp-content\/uploads\/2022\/03\/Camperplaats_Pinkster_post20222-300x300.jpg 300w, https:\/\/cpkesseleik.nl\/wp-content\/uploads\/2022\/03\/Camperplaats_Pinkster_post20222-150x150.jpg 150w, https:\/\/cpkesseleik.nl\/wp-content\/uploads\/2022\/03\/Camperplaats_Pinkster_post20222-768x768.jpg 768w, https:\/\/cpkesseleik.nl\/wp-content\/uploads\/2022\/03\/Camperplaats_Pinkster_post20222-12x12.jpg 12w\" sizes=\"(max-width: 800px) 100vw, 800px\" \/>\t\t\t\t\t\t\t\t\t\t\t<\/div>\n\t\t\t\t<\/div>\n\t\t\t\t<\/div>\n\t\t\t\t<div class=\"elementor-element elementor-element-7054d42 elementor-widget elementor-widget-button\" data-id=\"7054d42\" data-element_type=\"widget\" data-widget_type=\"button.default\">\n\t\t\t\t<div class=\"elementor-widget-container\">\n\t\t\t\t\t<div class=\"elementor-button-wrapper\">\n\t\t\t<a href=\"mailto:info@cpkesseleik.nl\" class=\"elementor-button-link elementor-button elementor-size-sm\" role=\"button\">\n\t\t\t\t\t\t<span class=\"elementor-button-content-wrapper\">\n\t\t\t\t\t\t<span class=\"elementor-button-text\">Reservierung<\/span>\n\t\t<\/span>\n\t\t\t\t\t<\/a>\n\t\t<\/div>\n\t\t\t\t<\/div>\n\t\t\t\t<\/div>\n\t\t\t\t\t\t<\/div>\n\t\t\t\t\t<\/div>\n\t\t<\/div>\n\t\t\t\t\t\t\t\t<\/div>\n\t\t\t\t\t<\/div>\n\t\t<\/section>\n\t\t\t\t\t\t<\/div>\n\t\t\t\t\t\t<\/div>\n\t\t\t\t\t<\/div>","protected":false},"excerpt":{"rendered":"<p>Hierbij geven wij u graag informatie over ons Pinsterarrangement van 3 t\/m 6 juni 2022. Naast een verblijf op de camperplaats hebben wij in samenwerking met Cateringbedrijf Smaakvol een heerlijke barbecue samengesteld om samen van te genieten op zondagavond en een ontbijt op maandagochtend. Wat houdt het arrangement in: Verblijf van vrijdag 3 juni t\/m [&hellip;]<\/p>","protected":false},"author":1,"featured_media":0,"parent":0,"menu_order":0,"comment_status":"closed","ping_status":"closed","template":"","meta":[],"_links":{"self":[{"href":"https:\/\/cpkesseleik.nl\/de\/wp-json\/wp\/v2\/pages\/1351"}],"collection":[{"href":"https:\/\/cpkesseleik.nl\/de\/wp-json\/wp\/v2\/pages"}],"about":[{"href":"https:\/\/cpkesseleik.nl\/de\/wp-json\/wp\/v2\/types\/page"}],"author":[{"embeddable":true,"href":"https:\/\/cpkesseleik.nl\/de\/wp-json\/wp\/v2\/users\/1"}],"replies":[{"embeddable":true,"href":"https:\/\/cpkesseleik.nl\/de\/wp-json\/wp\/v2\/comments?post=1351"}],"version-history":[{"count":20,"href":"https:\/\/cpkesseleik.nl\/de\/wp-json\/wp\/v2\/pages\/1351\/revisions"}],"predecessor-version":[{"id":1661,"href":"https:\/\/cpkesseleik.nl\/de\/wp-json\/wp\/v2\/pages\/1351\/revisions\/1661"}],"wp:attachment":[{"href":"https:\/\/cpkesseleik.nl\/de\/wp-json\/wp\/v2\/media?parent=1351"}],"curies":[{"name":"wp","href":"https:\/\/api.w.org\/{rel}","templated":true}]}}