{"id":1866,"date":"2025-03-12T11:19:08","date_gmt":"2025-03-12T11:19:08","guid":{"rendered":"https:\/\/cpkesseleik.nl\/?page_id=1866"},"modified":"2025-06-26T12:10:53","modified_gmt":"2025-06-26T12:10:53","slug":"reserveren","status":"publish","type":"page","link":"https:\/\/cpkesseleik.nl\/de\/reserveren\/","title":{"rendered":"Reservierung"},"content":{"rendered":"<div data-elementor-type=\"wp-page\" data-elementor-id=\"1866\" class=\"elementor elementor-1866\" data-elementor-settings=\"[]\">\n\t\t\t\t\t\t<div class=\"elementor-inner\">\n\t\t\t\t\t\t\t<div class=\"elementor-section-wrap\">\n\t\t\t\t\t\t\t<section class=\"elementor-section elementor-top-section elementor-element elementor-element-542da41 elementor-section-full_width elementor-section-height-default elementor-section-height-default\" data-id=\"542da41\" data-element_type=\"section\">\n\t\t\t\t\t\t<div class=\"elementor-container elementor-column-gap-default\">\n\t\t\t\t\t\t\t<div class=\"elementor-row\">\n\t\t\t\t\t<div class=\"elementor-column elementor-col-100 elementor-top-column elementor-element elementor-element-e32a3b2\" data-id=\"e32a3b2\" data-element_type=\"column\">\n\t\t\t<div class=\"elementor-column-wrap elementor-element-populated\">\n\t\t\t\t\t\t\t<div class=\"elementor-widget-wrap\">\n\t\t\t\t\t\t<div class=\"elementor-element elementor-element-b2b98e0 elementor-widget elementor-widget-text-editor\" data-id=\"b2b98e0\" data-element_type=\"widget\" data-widget_type=\"text-editor.default\">\n\t\t\t\t<div class=\"elementor-widget-container\">\n\t\t\t\t\t<div class=\"elementor-text-editor elementor-clearfix\"><p>Nach Ihrer Buchung erhalten Sie eine E-Mail mit einem Button zum \u00d6ffnen des Tors. Bewahren Sie diese E-Mail sicher auf Ihrem Mobilger\u00e4t auf, das Sie bei Ihrem Besuch bei uns mitnehmen.<\/p><p>Ber\u00fccksichtigen Sie die B\u00e4ume, die dazu f\u00fchren, dass nicht jedere platz \u00fcber einen guten Satellitenempfang verf\u00fcgt. Auf der Karte erkennt man die B\u00e4ume, den nach Norden zeigenden Pfeil und den Lauf der Sonne (unten links). Wir haben sehr gutes WLAN, sodass Sie auch streamen k\u00f6nnen.<br \/>Plekken met goede satellietontvangst (4, 5, 11, 12, 17, 19, 20, 21, 22, 23, 24, 25, 28, 29, 30, 31) zijn op de plattegrond weergegeven dmv een sign.<\/p><p class=\" translation-block\">Bevor Sie buchen, k\u00f6nnen Sie sich unsere <a href=\"https:\/\/www.onsite360.nl\/campingview360\/kessel-eik\/\" target=\"_self\" rel=\"noopener\">STREETVIEW<\/a> ansehen, um den perfekten Ort f\u00fcr Sie auszuw\u00e4hlen<\/p><\/div>\n\t\t\t\t<\/div>\n\t\t\t\t<\/div>\n\t\t\t\t<div class=\"elementor-element elementor-element-7e5bfa5 elementor-hidden-phone elementor-widget elementor-widget-html\" data-id=\"7e5bfa5\" data-element_type=\"widget\" data-no-translation=\"\" data-widget_type=\"html.default\">\n\t\t\t\t<div class=\"elementor-widget-container\">\n\t\t\t<style>.elementor-element-7e5bfa5{display:none !important}<\/style>\t\t<\/div>\n\t\t\t\t<\/div>\n\t\t\t\t<div class=\"elementor-element elementor-element-75d6176 elementor-hidden-desktop elementor-hidden-tablet elementor-widget elementor-widget-html\" data-id=\"75d6176\" data-element_type=\"widget\" data-no-translation=\"\" data-widget_type=\"html.default\">\n\t\t\t\t<div class=\"elementor-widget-container\">\n\t\t\t<style>.elementor-element-75d6176{display:none !important}<\/style>\t\t<\/div>\n\t\t\t\t<\/div>\n\t\t\t\t<div class=\"elementor-element elementor-element-b21f4ef elementor-widget elementor-widget-html\" data-id=\"b21f4ef\" data-element_type=\"widget\" data-no-translation=\"\" data-widget_type=\"html.default\">\n\t\t\t\t<div class=\"elementor-widget-container\">\n\t\t\t<iframe src=\"https:\/\/api.camperpay.com\/api\/locations\/websolution\/40bea4b7-eceb-4478-96ab-59ddbac1c302?language=de\" style=\"border:none\" width=\"100%\" height=\"800px\"><\/iframe>\t\t<\/div>\n\t\t\t\t<\/div>\n\t\t\t\t<div class=\"elementor-element elementor-element-4b9eab0 elementor-widget elementor-widget-html\" data-id=\"4b9eab0\" data-element_type=\"widget\" data-no-translation=\"\" data-widget_type=\"html.default\">\n\t\t\t\t<div class=\"elementor-widget-container\">\n\t\t\t<style>.elementor-element-4b9eab0{display:none !important}<\/style>\t\t<\/div>\n\t\t\t\t<\/div>\n\t\t\t\t\t\t<\/div>\n\t\t\t\t\t<\/div>\n\t\t<\/div>\n\t\t\t\t\t\t\t\t<\/div>\n\t\t\t\t\t<\/div>\n\t\t<\/section>\n\t\t\t\t\t\t<\/div>\n\t\t\t\t\t\t<\/div>\n\t\t\t\t\t<\/div>","protected":false},"excerpt":{"rendered":"<p>Na uw boeking ontvangt u een e-mail met een button om de poort te openen. U dient deze e-mail goed te bewaren op uw mobiele apparaat welke u meeneemt naar uw bezoek aan ons. Hou rekening met de bomen die met zich meebrengen dat niet elke plek goede satelietontvangst heeft. Op de plattegrond kunt u [&hellip;]<\/p>","protected":false},"author":1,"featured_media":0,"parent":0,"menu_order":0,"comment_status":"closed","ping_status":"closed","template":"","meta":[],"_links":{"self":[{"href":"https:\/\/cpkesseleik.nl\/de\/wp-json\/wp\/v2\/pages\/1866"}],"collection":[{"href":"https:\/\/cpkesseleik.nl\/de\/wp-json\/wp\/v2\/pages"}],"about":[{"href":"https:\/\/cpkesseleik.nl\/de\/wp-json\/wp\/v2\/types\/page"}],"author":[{"embeddable":true,"href":"https:\/\/cpkesseleik.nl\/de\/wp-json\/wp\/v2\/users\/1"}],"replies":[{"embeddable":true,"href":"https:\/\/cpkesseleik.nl\/de\/wp-json\/wp\/v2\/comments?post=1866"}],"version-history":[{"count":69,"href":"https:\/\/cpkesseleik.nl\/de\/wp-json\/wp\/v2\/pages\/1866\/revisions"}],"predecessor-version":[{"id":2128,"href":"https:\/\/cpkesseleik.nl\/de\/wp-json\/wp\/v2\/pages\/1866\/revisions\/2128"}],"wp:attachment":[{"href":"https:\/\/cpkesseleik.nl\/de\/wp-json\/wp\/v2\/media?parent=1866"}],"curies":[{"name":"wp","href":"https:\/\/api.w.org\/{rel}","templated":true}]}}