{"id":20,"date":"2020-12-07T09:26:58","date_gmt":"2020-12-07T09:26:58","guid":{"rendered":"https:\/\/cpkesseleik.nl\/?page_id=20"},"modified":"2021-09-04T10:09:14","modified_gmt":"2021-09-04T10:09:14","slug":"wandelen-fietsen","status":"publish","type":"page","link":"https:\/\/cpkesseleik.nl\/de\/omgeving\/wandelen-fietsen\/","title":{"rendered":"Wandern & Radfahren"},"content":{"rendered":"<div data-elementor-type=\"wp-page\" data-elementor-id=\"20\" class=\"elementor elementor-20\" data-elementor-settings=\"[]\">\n\t\t\t\t\t\t<div class=\"elementor-inner\">\n\t\t\t\t\t\t\t<div class=\"elementor-section-wrap\">\n\t\t\t\t\t\t\t<section class=\"elementor-section elementor-top-section elementor-element elementor-element-7c4a5afe elementor-section-boxed elementor-section-height-default elementor-section-height-default\" data-id=\"7c4a5afe\" data-element_type=\"section\">\n\t\t\t\t\t\t<div class=\"elementor-container elementor-column-gap-default\">\n\t\t\t\t\t\t\t<div class=\"elementor-row\">\n\t\t\t\t\t<div class=\"elementor-column elementor-col-50 elementor-top-column elementor-element elementor-element-7f1d24a9\" data-id=\"7f1d24a9\" data-element_type=\"column\">\n\t\t\t<div class=\"elementor-column-wrap\">\n\t\t\t\t\t\t\t<div class=\"elementor-widget-wrap\">\n\t\t\t\t\t\t\t\t<\/div>\n\t\t\t\t\t<\/div>\n\t\t<\/div>\n\t\t\t\t<div class=\"elementor-column elementor-col-50 elementor-top-column elementor-element elementor-element-6fea0831\" data-id=\"6fea0831\" data-element_type=\"column\">\n\t\t\t<div class=\"elementor-column-wrap elementor-element-populated\">\n\t\t\t\t\t\t\t<div class=\"elementor-widget-wrap\">\n\t\t\t\t\t\t<div class=\"elementor-element elementor-element-685e7c72 elementor-widget elementor-widget-image\" data-id=\"685e7c72\" data-element_type=\"widget\" data-widget_type=\"image.default\">\n\t\t\t\t<div class=\"elementor-widget-container\">\n\t\t\t\t\t<div class=\"elementor-image\">\n\t\t\t\t\t\t\t\t\t\t<img width=\"2560\" height=\"1440\" src=\"https:\/\/cpkesseleik.nl\/wp-content\/uploads\/2020\/12\/Haagweg_Fietser-EFFECTS-scaled-1.jpg\" class=\"attachment-full size-full\" alt=\"\" loading=\"lazy\" srcset=\"https:\/\/cpkesseleik.nl\/wp-content\/uploads\/2020\/12\/Haagweg_Fietser-EFFECTS-scaled-1.jpg 2560w, https:\/\/cpkesseleik.nl\/wp-content\/uploads\/2020\/12\/Haagweg_Fietser-EFFECTS-scaled-1-300x169.jpg 300w, https:\/\/cpkesseleik.nl\/wp-content\/uploads\/2020\/12\/Haagweg_Fietser-EFFECTS-scaled-1-1024x576.jpg 1024w, https:\/\/cpkesseleik.nl\/wp-content\/uploads\/2020\/12\/Haagweg_Fietser-EFFECTS-scaled-1-768x432.jpg 768w, https:\/\/cpkesseleik.nl\/wp-content\/uploads\/2020\/12\/Haagweg_Fietser-EFFECTS-scaled-1-1536x864.jpg 1536w, https:\/\/cpkesseleik.nl\/wp-content\/uploads\/2020\/12\/Haagweg_Fietser-EFFECTS-scaled-1-2048x1152.jpg 2048w\" sizes=\"(max-width: 2560px) 100vw, 2560px\" \/>\t\t\t\t\t\t\t\t\t\t\t<\/div>\n\t\t\t\t<\/div>\n\t\t\t\t<\/div>\n\t\t\t\t\t\t<\/div>\n\t\t\t\t\t<\/div>\n\t\t<\/div>\n\t\t\t\t\t\t\t\t<\/div>\n\t\t\t\t\t<\/div>\n\t\t<\/section>\n\t\t\t\t<section class=\"elementor-section elementor-top-section elementor-element elementor-element-18ed7b9a elementor-section-boxed elementor-section-height-default elementor-section-height-default\" data-id=\"18ed7b9a\" data-element_type=\"section\">\n\t\t\t\t\t\t<div class=\"elementor-container elementor-column-gap-default\">\n\t\t\t\t\t\t\t<div class=\"elementor-row\">\n\t\t\t\t\t<div class=\"elementor-column elementor-col-100 elementor-top-column elementor-element elementor-element-1403f04e\" data-id=\"1403f04e\" data-element_type=\"column\">\n\t\t\t<div class=\"elementor-column-wrap elementor-element-populated\">\n\t\t\t\t\t\t\t<div class=\"elementor-widget-wrap\">\n\t\t\t\t\t\t<div class=\"elementor-element elementor-element-1f8d96a0 elementor-widget elementor-widget-text-editor\" data-id=\"1f8d96a0\" data-element_type=\"widget\" data-widget_type=\"text-editor.default\">\n\t\t\t\t<div class=\"elementor-widget-container\">\n\t\t\t\t\t<div class=\"elementor-text-editor elementor-clearfix\"><p>Sie k\u00f6nnen Nord-Limburg perfekt mit dem Fahrrad oder zu Fuss entdecken:\u00a0<br \/>Landschaften wechseln sich schnell ab und es gibt wenig H\u00f6henunterschiede.\u00a0<br \/>In unmittelbarer N\u00e4he finden Sie verschiedene Rad- und Wanderwege.\u00a0<br \/>Alle Routen sind \u00fcber die bekannten Rad-\/Wanderknotenpunkte angelegt.\u00a0<br \/>Sie k\u00f6nnen aber auch selbst eine Route zusammenstellen. Unsere <br \/>Wohnmobilplatz ist von Natur umgeben. Sobald Sie unser Gel\u00e4nde verlassen, <br \/>befinden Sie sich sofort im Naturschutzgebiet De Weerdbeemden, mit <strong>De Weerdbeemden<\/strong>, met <br \/>aneinander angrenzenden Naturschutzgebiet <strong>De Musschenberg<\/strong>. Dieses letzte Naturschutzgebiet <br \/>einen sch\u00f6nen Blick auf das Maastal.<\/p><p><strong>De Maas<\/strong> Die Maas selbst befindet sich ca. 200 Meter vom Wohnmobilplatz.<\/p><p align=\"LEFT\">Nachfolgend finden Sie 3 markierte Radrouten in der Umgebung. Sie k\u00f6nnen nat\u00fcrlich auch Ihre eigene Route zusammenstellen:<\/p><p align=\"LEFT\"><a href=\"https:\/\/www.visitnoordlimburg.nl\/nl\/ommetje-musschenberg\">https:\/\/www.visitnoordlimburg.nl\/nl\/ommetje-musschenberg<\/a><\/p><p align=\"LEFT\"><a href=\"https:\/\/www.visitnoordlimburg.nl\/nl\/kastelen-in-het-land-van-kessel\">https:\/\/www.visitnoordlimburg.nl\/nl\/kastelen-in-het-land-van-kessel<\/a><\/p><p align=\"LEFT\"><a href=\"https:\/\/www.visitnoordlimburg.nl\/nl\/kunstroute-peel-en-maas\">https:\/\/www.visitnoordlimburg.nl\/nl\/kunstroute-peel-en-maas<\/a><\/p><p align=\"LEFT\"><a href=\"https:\/\/www.visitnoordlimburg.nl\/nl\/rondje-met-het-pontje-fiets\">https:\/\/www.visitnoordlimburg.nl\/nl\/rondje-met-het-pontje-fiets<\/a><\/p><p><a href=\"https:\/\/www.visitnoordlimburg.nl\/nl\/knopen-lopen-kesseleik\">https:\/\/www.visitnoordlimburg.nl\/nl\/knopen-lopen-kesseleik<\/a><\/p><p align=\"LEFT\">Knotenplaner ANWB:<\/p><p align=\"LEFT\"><a href=\"https:\/\/www.anwb.nl\/fietsroutes\/fietsknooppuntenplanner\">https:\/\/www.anwb.nl\/fietsroutes\/fietsknooppuntenplanner<\/a><\/p><p align=\"LEFT\">Auf der Website <a href=\"https:\/\/www.visitnoordlimburg.nl\/nl\">www.visitnoordlimburg.nl<\/a> finden Sie viele Informationen zu Sehensw\u00fcrdigkeiten, Aktivit\u00e4ten, Wandern, Radfahren usw!<\/p><p align=\"LEFT\"><a href=\"https:\/\/www.visitnoordlimburg.nl\/nl\/weerdbeemden\">https:\/\/www.visitnoordlimburg.nl\/nl\/weerdbeemden<\/a><\/p><p align=\"LEFT\"><a href=\"https:\/\/www.visitnoordlimburg.nl\/nl\/de-musschenberg\">https:\/\/www.visitnoordlimburg.nl\/nl\/de-musschenberg<\/a><\/p><p align=\"LEFT\"><a href=\"https:\/\/www.visitnoordlimburg.nl\/nl\/de-lanterd\">https:\/\/www.visitnoordlimburg.nl\/nl\/de-lanterd<\/a><\/p><p><a href=\"https:\/\/www.visitnoordlimburg.nl\/nl\/straterhof\">https:\/\/www.visitnoordlimburg.nl\/nl\/straterhof<\/a><\/p><p><a href=\"https:\/\/www.visitnoordlimburg.nl\/nl\/autoveer-kesselbeesel\">https:\/\/www.visitnoordlimburg.nl\/nl\/autoveer-kesselbeesel<\/a><\/p><p><a href=\"https:\/\/www.visitnoordlimburg.nl\/nl\/kesseleikerbroek\">https:\/\/www.visitnoordlimburg.nl\/nl\/kesseleikerbroek<\/a><\/p><p><a href=\"https:\/\/www.visitnoordlimburg.nl\/nl\/kasteel-dekeverberg\">https:\/\/www.visitnoordlimburg.nl\/nl\/kasteel-dekeverberg<\/a><\/p><p><a href=\"https:\/\/www.visitnoordlimburg.nl\/nl\/de-heldense-bossen\">https:\/\/www.visitnoordlimburg.nl\/nl\/de-heldense-bossen<\/a><\/p><p>M\u00f6gen Sie <strong>Angeln<\/strong> und haben Sie einen Angelschein? <br \/>Angeln ist im Naturschutzgebiet De Weerdbeemden erlaubt. Sie k\u00f6nnen bei uns auch einen Angelschein f\u00fcr 1 Tag oder 1 Woche kaufen. <strong>visvergunning<\/strong> kopen voor 1 dag of 1 week.<\/p><p>M\u00f6chten Sie sch\u00f6ne Ausfl\u00fcge machen? Dann ist Kessel-Eik die perfekte Aktionsbasis.<\/p><p>In der Umgebung gibt es zahlreiche malerische D\u00f6rfer. Zuallererst nat\u00fcrlich <strong>Kessel<\/strong>, wo sich <strong>Kasteel de Keverberg<\/strong> befindet.\u00a0Dieses modern restaurierte Schloss ist auf jeden Fall einen Besuch wert. Es werden F\u00fchrungen angeboten, und Sie k\u00f6nnen auch auf eigene Faust durch das Schloss und den Schlossgarten spazieren:\u00a0<a href=\"https:\/\/kasteeldekeverberg.nl\/\">https:\/\/kasteeldekeverberg.nl\/<\/a><\/p><p>Ook <strong>Baarlo<\/strong> Baarlo ist auch einen Besuch wert. Dieses Dorf hat nicht weniger als 4 Burgen und wird daher \u201cBurgdorf\u201d genannt.<\/p><p>Auf der anderen Seite der Maas, gegen\u00fcber von Baarlo (mit der F\u00e4hre zu erreichen), liegt das Dorf <strong>Steyl<\/strong>wegen ihrer zahlreichen Kl\u00f6ster und Klosterg\u00e4rten auch \"Klosterdorf\" genannt.<\/p><p>Besuchen Sie <strong>Panningen<\/strong> f\u00fcr die sch\u00f6nen Terrassen, Restaurants, das Kino, eine Theaterauff\u00fchrung oder zum Einkaufen (jeden Mittwoch gibt es einen lebendigen Wochenmarkt)<\/p><p>Von Kessel-Eik aus k\u00f6nnen Sie auch die gro\u00dfen St\u00e4dte leicht erreichen wie <strong>Venlo<\/strong> und <strong>Roermond<\/strong>In Roermond finden Sie das gr\u00f6sste Shopping Outlet von Europa und eine Innenstadt mit sch\u00f6nen alten Geb\u00e4uden und gem\u00fctlichen Stra\u00dfen.<\/p><p>Kurzum: Suchen Sie eine sch\u00f6ne, l\u00e4ndliche Umgebung mit der M\u00f6glichkeit sch\u00f6ne Ausfl\u00fcge zu machen? Dann sind Sie bei uns an der richtigen Adresse!<\/p><\/div>\n\t\t\t\t<\/div>\n\t\t\t\t<\/div>\n\t\t\t\t\t\t<\/div>\n\t\t\t\t\t<\/div>\n\t\t<\/div>\n\t\t\t\t\t\t\t\t<\/div>\n\t\t\t\t\t<\/div>\n\t\t<\/section>\n\t\t\t\t\t\t<\/div>\n\t\t\t\t\t\t<\/div>\n\t\t\t\t\t<\/div>","protected":false},"excerpt":{"rendered":"<p>Noord-Limburg is heerlijk om per fiets of te voet te ontdekken:\u00a0landschappen wisselen elkaar snel af en er zijn weinig hoogteverschillen.\u00a0In de directe omgeving vindt u diverse fiets- en wandelroutes waarbij u\u00a0gebruik kunt maken van het landelijke fiets- en wandelknooppunten\u00a0netwerk. Maar u kunt er uiteraard ook lekker zelf op uitgaan. Onze camperplaats ligt midden in de [&hellip;]<\/p>","protected":false},"author":1,"featured_media":39,"parent":12,"menu_order":0,"comment_status":"closed","ping_status":"closed","template":"","meta":[],"_links":{"self":[{"href":"https:\/\/cpkesseleik.nl\/de\/wp-json\/wp\/v2\/pages\/20"}],"collection":[{"href":"https:\/\/cpkesseleik.nl\/de\/wp-json\/wp\/v2\/pages"}],"about":[{"href":"https:\/\/cpkesseleik.nl\/de\/wp-json\/wp\/v2\/types\/page"}],"author":[{"embeddable":true,"href":"https:\/\/cpkesseleik.nl\/de\/wp-json\/wp\/v2\/users\/1"}],"replies":[{"embeddable":true,"href":"https:\/\/cpkesseleik.nl\/de\/wp-json\/wp\/v2\/comments?post=20"}],"version-history":[{"count":33,"href":"https:\/\/cpkesseleik.nl\/de\/wp-json\/wp\/v2\/pages\/20\/revisions"}],"predecessor-version":[{"id":993,"href":"https:\/\/cpkesseleik.nl\/de\/wp-json\/wp\/v2\/pages\/20\/revisions\/993"}],"up":[{"embeddable":true,"href":"https:\/\/cpkesseleik.nl\/de\/wp-json\/wp\/v2\/pages\/12"}],"wp:featuredmedia":[{"embeddable":true,"href":"https:\/\/cpkesseleik.nl\/de\/wp-json\/wp\/v2\/media\/39"}],"wp:attachment":[{"href":"https:\/\/cpkesseleik.nl\/de\/wp-json\/wp\/v2\/media?parent=20"}],"curies":[{"name":"wp","href":"https:\/\/api.w.org\/{rel}","templated":true}]}}