{"id":214,"date":"2021-01-07T10:37:57","date_gmt":"2021-01-07T10:37:57","guid":{"rendered":"https:\/\/cpkesseleik.nl\/?page_id=214"},"modified":"2025-04-08T21:18:36","modified_gmt":"2025-04-08T21:18:36","slug":"voorzieningen","status":"publish","type":"page","link":"https:\/\/cpkesseleik.nl\/de\/voorzieningen\/","title":{"rendered":"Einrichtungen und allgemeine Informationen"},"content":{"rendered":"<div data-elementor-type=\"wp-page\" data-elementor-id=\"214\" class=\"elementor elementor-214\" data-elementor-settings=\"[]\">\n\t\t\t\t\t\t<div class=\"elementor-inner\">\n\t\t\t\t\t\t\t<div class=\"elementor-section-wrap\">\n\t\t\t\t\t\t\t<section class=\"elementor-section elementor-top-section elementor-element elementor-element-226baed elementor-section-boxed elementor-section-height-default elementor-section-height-default\" data-id=\"226baed\" data-element_type=\"section\">\n\t\t\t\t\t\t<div class=\"elementor-container elementor-column-gap-default\">\n\t\t\t\t\t\t\t<div class=\"elementor-row\">\n\t\t\t\t\t<div class=\"elementor-column elementor-col-100 elementor-top-column elementor-element elementor-element-73a0f30\" data-id=\"73a0f30\" data-element_type=\"column\">\n\t\t\t<div class=\"elementor-column-wrap elementor-element-populated\">\n\t\t\t\t\t\t\t<div class=\"elementor-widget-wrap\">\n\t\t\t\t\t\t<div class=\"elementor-element elementor-element-fa60fd5 elementor-widget elementor-widget-text-editor\" data-id=\"fa60fd5\" data-element_type=\"widget\" data-widget_type=\"text-editor.default\">\n\t\t\t\t<div class=\"elementor-widget-container\">\n\t\t\t\t\t<div class=\"elementor-text-editor elementor-clearfix\"><p>\u00a0<\/p><p>\u00a0<\/p><p>Vor oder bei der Ankunft auf unserem Wohnmobilstellplatz k\u00f6nnen Sie digital <a href=\"https:\/\/cpkesseleik.nl\/de\/reserveren\/\">BUCHEN<\/a> und bezahlen Sie \u00fcber unsere Website. Am bequemsten k\u00f6nnen Sie die Reservierung bereits von zu Hause oder unterwegs vornehmen. Nach der Buchung erhalten Sie nahezu umgehend eine Best\u00e4tigungsmail, in deren unteren Bereich sich ein gr\u00fcner Button befindet, mit dem Sie das Zugangstor bedienen k\u00f6nnen. Bewahren Sie diese E-Mail daher sicher auf<\/p><p>Unsere Telefonnummer ist an verschiedenen Stellen aufgef\u00fchrt. Sie k\u00f6nnen uns anrufen, wenn Sie Hilfe ben\u00f6tigen. Mit unserem STREETVIEW finden Sie ganz einfach den perfekten freien Platz f\u00fcr sich. <a href=\"https:\/\/www.onsite360.nl\/campingview360\/kessel-eik\/\">STREETVIEW<\/a> kunt u makkelijk de voor u perfecte beschikbare plek uitzoeken.<\/p><p>Wenn Sie l\u00e4nger bleiben m\u00f6chten als urspr\u00fcnglich gebucht, k\u00f6nnen Sie eine neue Buchung vornehmen. Es ist m\u00f6glich, dass der Platz, an dem Sie \u00fcbernachten, bereits von jemand anderem gebucht wurde. Sollte dies der Fall sein, k\u00f6nnen Sie einen anderen, noch freien Platz buchen und mussen Sie Ihren Camper leider umstellen.<\/p><p>Auf unserem Camperplatz haben wir die folgenden Einrichtungen:<\/p><p>Unser beheiztes Sanit\u00e4rgeb\u00e4ude mit:<\/p><ul><li>3 Toiletten, Toilettenpapier vorhanden (kostenlos)<\/li><li>1 Urinal (kostenlos)<\/li><li>2 Waschbecken (frei)<\/li><li>2 Duschen (kostenlos)<\/li><li>2 Waschpl\u00e4tze mit Warm- und Kaltwasser (kostenlos, aber bitte beachten Sie, dass diese im Winter bei starkem Frost vor\u00fcbergehend geschlossen sein k\u00f6nnen)<\/li><\/ul><p>Andere Einrichtungen:\u00a0<\/p><ul><li>Super WLAN \u00fcber Glasfaser (kostenlos)<\/li><li>Strommasten (5 kWh inklusive)<\/li><li>Entsorgungsstation (kostenlos)<\/li><li>Chemietoilette reinigung (kostenlos)<\/li><li>Leitungswasser (kostenlos)<\/li><\/ul><p>Unser Wohnmobilstellplatz ist abends und nachts durch verschiedene Laternenmasten attraktiv beleuchtet.\u00a0<\/p><p>Die Nutzung unseres Bouleplatzes ist kostenlos.<\/p><p>Kamera\u00fcberwachung ist vorhanden.<\/p><p>Unsere Wohnmobilstellpl\u00e4tze sind alle mindestens 10 Meter lang und 3 Meter breit. Auch die zugeh\u00f6rigen Rasenfl\u00e4chen sind mindestens so gro\u00df oder gr\u00f6\u00dfer.<\/p><p>Vorzelte im Freien und Campingm\u00f6bel auf den Rasenfl\u00e4chen sind erlaubt. Grillen oder Feuermachen ist erlaubt (vorausgesetzt, Sie stimmen dies mit Ihren Nachbarn ab und verursachen keine Unannehmlichkeiten oder Sch\u00e4den).<\/p><p>Bitte beachten Sie: Unsere GRUNDPLAN zeigt, wo Sie Satellitenempfang haben. Wir haben sehr gutes WLAN, sodass Sie auch streamen k\u00f6nnen.\u00a0 Auf der Grundplan sind au\u00dferdem die Lage des Wohnmobilstellplatzes in Bezug auf Norden, den Sonnenverlauf und den vorhandenen Baumbestand ersichtlich. M\u00f6chten Sie Schatten oder Sonne? M\u00f6chten Sie Ihre Satellitensch\u00fcssel nutzen oder reicht Ihnen das Streamen \u00fcber WLAN auch?<\/p><p>Wenn Sie den Wohnmobilstellplatz bei Ihrer Ankunft besichtigen und einen Platz ausw\u00e4hlen m\u00f6chten, rufen Sie uns bitte an, damit wir Ihnen Zugang gew\u00e4hren k\u00f6nnen.\u00a0<\/p><p>Hunde (oder andere Haustiere) sind erlaubt, kostenlos, an der Leine<\/p><p><img loading=\"lazy\" class=\"alignnone size-medium wp-image-352\" src=\"https:\/\/cpkesseleik.nl\/wp-content\/uploads\/2021\/01\/sanitiar-gebouw-300x168.png\" alt=\"\" width=\"300\" height=\"168\" srcset=\"https:\/\/cpkesseleik.nl\/wp-content\/uploads\/2021\/01\/sanitiar-gebouw-300x168.png 300w, https:\/\/cpkesseleik.nl\/wp-content\/uploads\/2021\/01\/sanitiar-gebouw-16x9.png 16w, https:\/\/cpkesseleik.nl\/wp-content\/uploads\/2021\/01\/sanitiar-gebouw.png 604w\" sizes=\"(max-width: 300px) 100vw, 300px\" \/><\/p><p><strong>Einrichtungen Umgebung<\/strong><\/p><p><span style=\"text-decoration: underline;\">Gesch\u00e4fte<\/span><\/p><p><a href=\"https:\/\/phicoop.nl\/\">Supermarkt PLUS Phicoop<\/a><span class=\"LrzXr\">\u00a0Kessel: Baarskampstraat 29, 5995 AT Kessel<\/span><\/p><p><a href=\"https:\/\/www.debondj.nl\/home\">De Bondj<\/a> Kessel (klus, tuin, dier): <span class=\"LrzXr\">Baarskampstraat 4, 5995 AV Kessel<\/span><\/p><p>Geldautomat <span class=\"LrzXr\">Keverbergstraat 2, 5995 XW Kessel<\/span><\/p><p><span style=\"text-decoration: underline;\">Tourismus<\/span><\/p><p>Schloss de Keverberg Kasteelhof 4 Kessel: <a href=\"https:\/\/kasteeldekeverberg.nl\/\">https:\/\/kasteeldekeverberg.nl\/<\/a>\u00a0<\/p><p>Tourismusb\u00fcro: Kasteelhof 1A, 5995 BX\u00a0<a href=\"https:\/\/www.visitnoordlimburg.nl\/nl\/taxonomy\/term\/175\">https:\/\/www.visitnoordlimburg.nl<\/a>\u00a0 \u00a0<a href=\"tel:077-4622446\">077-4622446<\/a><\/p><p>Schaluppenvermietung Kessel Website:\u00a0 <a href=\"http:\/\/www.sloepverhuurlimburg.nl\">www.sloepverhuurlimburg.nl<\/a><\/p><p>Website von Maashopper (Bootsfahrten auf der Maas):<a href=\"https:\/\/maashopper.nl\">https:\/\/maashopper.nl<\/a><\/p><p><span style=\"text-decoration: underline;\">medizinisch<\/span><\/p><p><a href=\"http:\/\/www.dewitkessel.nl\/home\">Zahnarzt De Wit:<\/a> <span class=\"LrzXr\">Keverbergstraat 7, 5995 XW Kessel<\/span><\/p><p><a href=\"https:\/\/huisartsenpraktijkkessel.nl\/\">Allgemeinmedizinische Praxis Kessel:<\/a> <span class=\"LrzXr\">Kerkplein 6, 5995 BA Kessel<\/span><\/p><p><a href=\"https:\/\/huisartsenspoedpostnoordlimburg.nl\/\">Allgemeinmediziner post Venlo:<\/a> <span class=\"LrzXr\">Professor Gelissensingel 20, 5912 JX Venlo<span class=\"GRkHZd w8qArf\">:\u00a0<\/span><span class=\"LrzXr zdqRlf kno-fv\"><a href=\"https:\/\/www.google.com\/search?q=huisartsenpost+venlo&amp;rlz=1C1GCEA_enNL841NL841&amp;oq=HUISARTSENPOST+VENL&amp;aqs=chrome.0.0i512l2j46i175i199i512l2j69i57j0i512l3j46i175i199i512j0i10i512.4278j0j7&amp;sourceid=chrome&amp;ie=UTF-8#\" data-dtype=\"d3ifr\" data-local-attribute=\"d3ph\" data-ved=\"2ahUKEwi40KSj7e7yAhUqRPEDHewWBuQQkAgoADAcegQINRAD\">0900 8818<\/a><\/span><\/span><\/p><\/div>\n\t\t\t\t<\/div>\n\t\t\t\t<\/div>\n\t\t\t\t\t\t<\/div>\n\t\t\t\t\t<\/div>\n\t\t<\/div>\n\t\t\t\t\t\t\t\t<\/div>\n\t\t\t\t\t<\/div>\n\t\t<\/section>\n\t\t\t\t\t\t<\/div>\n\t\t\t\t\t\t<\/div>\n\t\t\t\t\t<\/div>","protected":false},"excerpt":{"rendered":"<p>\u00a0 \u00a0 Voor of bij aankomst op onze camperplaats kunt u zelf digitaal RESERVEREN en betalen via onze website. Het handigst is dat u thuis of onderweg alvast de reservering doet. U ontvangt na de boeking vrijwel direct de bevestigingsmail met onderaan een groene button waarmee u de toegangspoort kunt bedienen. Bewaar deze e-mail dus [&hellip;]<\/p>","protected":false},"author":1,"featured_media":0,"parent":0,"menu_order":0,"comment_status":"closed","ping_status":"closed","template":"","meta":[],"_links":{"self":[{"href":"https:\/\/cpkesseleik.nl\/de\/wp-json\/wp\/v2\/pages\/214"}],"collection":[{"href":"https:\/\/cpkesseleik.nl\/de\/wp-json\/wp\/v2\/pages"}],"about":[{"href":"https:\/\/cpkesseleik.nl\/de\/wp-json\/wp\/v2\/types\/page"}],"author":[{"embeddable":true,"href":"https:\/\/cpkesseleik.nl\/de\/wp-json\/wp\/v2\/users\/1"}],"replies":[{"embeddable":true,"href":"https:\/\/cpkesseleik.nl\/de\/wp-json\/wp\/v2\/comments?post=214"}],"version-history":[{"count":161,"href":"https:\/\/cpkesseleik.nl\/de\/wp-json\/wp\/v2\/pages\/214\/revisions"}],"predecessor-version":[{"id":2058,"href":"https:\/\/cpkesseleik.nl\/de\/wp-json\/wp\/v2\/pages\/214\/revisions\/2058"}],"wp:attachment":[{"href":"https:\/\/cpkesseleik.nl\/de\/wp-json\/wp\/v2\/media?parent=214"}],"curies":[{"name":"wp","href":"https:\/\/api.w.org\/{rel}","templated":true}]}}