{"id":698,"date":"2021-04-13T10:52:08","date_gmt":"2021-04-13T10:52:08","guid":{"rendered":"https:\/\/cpkesseleik.nl\/?page_id=698"},"modified":"2022-03-03T12:53:03","modified_gmt":"2022-03-03T12:53:03","slug":"hemelvaart","status":"publish","type":"page","link":"https:\/\/cpkesseleik.nl\/de\/hemelvaart\/","title":{"rendered":"Hemelvaart (2021)"},"content":{"rendered":"<div data-elementor-type=\"wp-page\" data-elementor-id=\"698\" class=\"elementor elementor-698\" data-elementor-settings=\"[]\">\n\t\t\t\t\t\t<div class=\"elementor-inner\">\n\t\t\t\t\t\t\t<div class=\"elementor-section-wrap\">\n\t\t\t\t\t\t\t<section class=\"elementor-section elementor-top-section elementor-element elementor-element-337983da elementor-section-boxed elementor-section-height-default elementor-section-height-default\" data-id=\"337983da\" data-element_type=\"section\">\n\t\t\t\t\t\t<div class=\"elementor-container elementor-column-gap-default\">\n\t\t\t\t\t\t\t<div class=\"elementor-row\">\n\t\t\t\t\t<div class=\"elementor-column elementor-col-100 elementor-top-column elementor-element elementor-element-45d7cab0\" data-id=\"45d7cab0\" data-element_type=\"column\">\n\t\t\t<div class=\"elementor-column-wrap elementor-element-populated\">\n\t\t\t\t\t\t\t<div class=\"elementor-widget-wrap\">\n\t\t\t\t\t\t<div class=\"elementor-element elementor-element-5e96a665 elementor-widget elementor-widget-text-editor\" data-id=\"5e96a665\" data-element_type=\"widget\" data-widget_type=\"text-editor.default\">\n\t\t\t\t<div class=\"elementor-widget-container\">\n\t\t\t\t\t<div class=\"elementor-text-editor elementor-clearfix\"><!-- wp:image {\"id\":750,\"sizeSlug\":\"large\"} -->\n<figure class=\"wp-block-image size-large\"><img loading=\"lazy\" width=\"1024\" height=\"1024\" class=\"wp-image-750\" src=\"https:\/\/cpkesseleik.nl\/wp-content\/uploads\/2021\/04\/Camperplaats_Paasmenu_02-003-1024x1024.jpg\" alt=\"\" srcset=\"https:\/\/cpkesseleik.nl\/wp-content\/uploads\/2021\/04\/Camperplaats_Paasmenu_02-003-1024x1024.jpg 1024w, https:\/\/cpkesseleik.nl\/wp-content\/uploads\/2021\/04\/Camperplaats_Paasmenu_02-003-300x300.jpg 300w, https:\/\/cpkesseleik.nl\/wp-content\/uploads\/2021\/04\/Camperplaats_Paasmenu_02-003-150x150.jpg 150w, https:\/\/cpkesseleik.nl\/wp-content\/uploads\/2021\/04\/Camperplaats_Paasmenu_02-003-768x768.jpg 768w, https:\/\/cpkesseleik.nl\/wp-content\/uploads\/2021\/04\/Camperplaats_Paasmenu_02-003-1536x1536.jpg 1536w, https:\/\/cpkesseleik.nl\/wp-content\/uploads\/2021\/04\/Camperplaats_Paasmenu_02-003-12x12.jpg 12w, https:\/\/cpkesseleik.nl\/wp-content\/uploads\/2021\/04\/Camperplaats_Paasmenu_02-003.jpg 1701w\" sizes=\"(max-width: 1024px) 100vw, 1024px\" \/><\/figure>\n<!-- \/wp:image --><!-- wp:paragraph -->\n<p><strong>Genie\u00dfen Sie ein sch\u00f6nes langes Wochenende auf unserem Wohnmobilplatz, mitten in der Natur und unserer regionalen Spezialit\u00e4t, dem Spargel!<\/strong><\/p>\n<!-- \/wp:paragraph --><!-- wp:paragraph -->\n<p>Der Wohnmobilpark Kessel-Eik aan de Maas befindet sich in der gr\u00f6\u00dften Spargelgemeinde der Niederlande! Am Donnerstag, den 13. Mai (Christi Himmelfahrt) servieren wir in Zusammenarbeit mit dem Restaurant Chez l'H\u00eatre ein kulinarisches 3-G\u00e4nge-Spargelessen und am Freitag, den 14. Mai bringen wir den Campern eine Fr\u00fchst\u00fccksbox mit einem leckeren Fr\u00fchst\u00fcck. Die Teilnahme ist nur auf Basis einer Reservierung m\u00f6glich, also buchen Sie bald, denn voll = voll<\/p>\n<!-- \/wp:paragraph --><!-- wp:paragraph -->\n<p>Inhalt arrangement:<\/p>\n<!-- \/wp:paragraph --><!-- wp:list -->\n<ul>\n<li>Verblijf vanaf woensdag 12 mei 14.00 uur t\/m zondag 16 mei 14.00 uur, inclusief toeristenbelasting (voor dit arrangement rekenen wij een vaste prijs, bij latere aankomst of eerder vertrek worden kosten niet gecrediteerd of verrekend)<\/li>\n<li>Kulinarisches 3-Gang-Spargelmen\u00fc am <strong>Donnerstag 13. Mai<\/strong> (Christi Himmelfahrt) ab 18.00-18.30 Uhr serviert zu Ihrem Wohnmobil in Zusammenarbeit mit Chez l'Hetre Venlo<\/li>\n<li>Fr\u00fchst\u00fccksbox am <strong>Freitag 14. Mai<\/strong>Lieferung zwischen 10.00-10.30 Uhr an Ihr Wohnmobil<\/li>\n<\/ul>\n<!-- \/wp:list --><!-- wp:paragraph -->\n<p>\u00a0<\/p>\n<!-- \/wp:paragraph --><!-- wp:paragraph -->\n<p><em>Nicht im Paket enthalten:<\/em><\/p>\n<!-- \/wp:paragraph --><!-- wp:paragraph -->\n<p>Stromguthaben \u20ac 2,50 pro 5 kwh (zum Verkauf am Check-in-Kiosk)<\/p>\n<!-- \/wp:paragraph --><!-- wp:paragraph -->\n<p>Benutzung der Dusche \u20ac 0,20 pro Minute (zum Verkauf am Check-in-Kiosk)<\/p>\n<!-- \/wp:paragraph --><!-- wp:paragraph -->\n<p>Wasserzapfstellen \u20ac 1,00 pro 100 Liter (zum Verkauf am Check-in-Kiosk)<\/p>\n<!-- \/wp:paragraph --><!-- wp:paragraph -->\n<p>* alle gekauften Credits sind w\u00e4hrend des Aufenthaltes g\u00fcltig<\/p>\n<!-- \/wp:paragraph --><!-- wp:paragraph -->\n<p>Wenn Sie eine Reservierung vornehmen m\u00f6chten, senden Sie uns bitte eine Nachricht und wir werden Sie in die Teilnehmerliste aufnehmen. Die endg\u00fcltige Anmeldung erfolgt \u00fcber ein separates Formular, das wir Ihnen per E-Mail zusenden.<\/p>\n<!-- \/wp:paragraph --><!-- wp:paragraph -->\n<p>Wir hoffen, Sie am Himmelfahrt begr\u00fc\u00dfen zu d\u00fcrfen!<\/p>\n<!-- \/wp:paragraph --><!-- wp:paragraph -->\n<p>Wenn Sie Fragen haben oder weitere Informationen w\u00fcnschen, senden Sie bitte eine Nachricht an: <a href=\"\/de\/info@cpkesseleik.nl\/\">info@cpkesseleik.nl<\/a><\/p>\n<!-- \/wp:paragraph --><!-- wp:gallery {\"ids\":[843,844]} -->\n<figure class=\"wp-block-gallery columns-2 is-cropped\">\n<ul class=\"blocks-gallery-grid\">\n<li class=\"blocks-gallery-item\">\n<figure><img loading=\"lazy\" width=\"576\" height=\"1024\" class=\"wp-image-843\" src=\"https:\/\/cpkesseleik.nl\/wp-content\/uploads\/2021\/05\/Aspergediner-Hemelvaart-cp-kesseleik-3-576x1024.jpg\" alt=\"\" data-id=\"843\" data-link=\"https:\/\/cpkesseleik.nl\/hemelvaart\/aspergediner-hemelvaart-cp-kesseleik-3\/\" srcset=\"https:\/\/cpkesseleik.nl\/wp-content\/uploads\/2021\/05\/Aspergediner-Hemelvaart-cp-kesseleik-3-576x1024.jpg 576w, https:\/\/cpkesseleik.nl\/wp-content\/uploads\/2021\/05\/Aspergediner-Hemelvaart-cp-kesseleik-3-169x300.jpg 169w, https:\/\/cpkesseleik.nl\/wp-content\/uploads\/2021\/05\/Aspergediner-Hemelvaart-cp-kesseleik-3-7x12.jpg 7w, https:\/\/cpkesseleik.nl\/wp-content\/uploads\/2021\/05\/Aspergediner-Hemelvaart-cp-kesseleik-3.jpg 750w\" sizes=\"(max-width: 576px) 100vw, 576px\" \/><\/figure>\n<\/li>\n<li class=\"blocks-gallery-item\">\n<figure><img loading=\"lazy\" width=\"480\" height=\"640\" class=\"wp-image-844\" src=\"https:\/\/cpkesseleik.nl\/wp-content\/uploads\/2021\/05\/Aspergediner-Hemelvaart-cp-kesseleik-2-1-rotated.jpg\" alt=\"\" data-id=\"844\" data-full-url=\"https:\/\/cpkesseleik.nl\/wp-content\/uploads\/2021\/05\/Aspergediner-Hemelvaart-cp-kesseleik-2-1-rotated.jpg\" data-link=\"https:\/\/cpkesseleik.nl\/hemelvaart\/aspergediner-hemelvaart-cp-kesseleik-2-1\/\" srcset=\"https:\/\/cpkesseleik.nl\/wp-content\/uploads\/2021\/05\/Aspergediner-Hemelvaart-cp-kesseleik-2-1-rotated.jpg 480w, https:\/\/cpkesseleik.nl\/wp-content\/uploads\/2021\/05\/Aspergediner-Hemelvaart-cp-kesseleik-2-1-225x300.jpg 225w, https:\/\/cpkesseleik.nl\/wp-content\/uploads\/2021\/05\/Aspergediner-Hemelvaart-cp-kesseleik-2-1-9x12.jpg 9w\" sizes=\"(max-width: 480px) 100vw, 480px\" \/><\/figure>\n<\/li>\n<\/ul>\n<\/figure>\n<!-- \/wp:gallery --><\/div>\n\t\t\t\t<\/div>\n\t\t\t\t<\/div>\n\t\t\t\t\t\t<\/div>\n\t\t\t\t\t<\/div>\n\t\t<\/div>\n\t\t\t\t\t\t\t\t<\/div>\n\t\t\t\t\t<\/div>\n\t\t<\/section>\n\t\t\t\t\t\t<\/div>\n\t\t\t\t\t\t<\/div>\n\t\t\t\t\t<\/div>","protected":false},"excerpt":{"rendered":"<p>Geniet van een lekker lang weekend op onze camperplaats, gelegen midden in de natuur \u00e9n van onze regionale specialiteit, asperges! Camperplaats Kessel-Eik aan de Maas ligt in de grootste asperge gemeente van Nederland! Wij serveren op donderdag 13 mei (Hemelvaart) in samenwerking met restaurant Chez l&#8217;H\u00eatre een culinair 3-gangen aspergediner en op vrijdag 14 mei [&hellip;]<\/p>","protected":false},"author":2,"featured_media":0,"parent":0,"menu_order":0,"comment_status":"closed","ping_status":"closed","template":"","meta":[],"_links":{"self":[{"href":"https:\/\/cpkesseleik.nl\/de\/wp-json\/wp\/v2\/pages\/698"}],"collection":[{"href":"https:\/\/cpkesseleik.nl\/de\/wp-json\/wp\/v2\/pages"}],"about":[{"href":"https:\/\/cpkesseleik.nl\/de\/wp-json\/wp\/v2\/types\/page"}],"author":[{"embeddable":true,"href":"https:\/\/cpkesseleik.nl\/de\/wp-json\/wp\/v2\/users\/2"}],"replies":[{"embeddable":true,"href":"https:\/\/cpkesseleik.nl\/de\/wp-json\/wp\/v2\/comments?post=698"}],"version-history":[{"count":16,"href":"https:\/\/cpkesseleik.nl\/de\/wp-json\/wp\/v2\/pages\/698\/revisions"}],"predecessor-version":[{"id":1473,"href":"https:\/\/cpkesseleik.nl\/de\/wp-json\/wp\/v2\/pages\/698\/revisions\/1473"}],"wp:attachment":[{"href":"https:\/\/cpkesseleik.nl\/de\/wp-json\/wp\/v2\/media?parent=698"}],"curies":[{"name":"wp","href":"https:\/\/api.w.org\/{rel}","templated":true}]}}